{"id":5792,"date":"2024-05-25T01:19:46","date_gmt":"2024-05-25T01:19:46","guid":{"rendered":"https:\/\/gastri-biotic.com\/?post_type=product&#038;p=5792"},"modified":"2024-05-30T15:54:37","modified_gmt":"2024-05-30T15:54:37","slug":"gastri-biotic-suscripcion","status":"publish","type":"product","link":"https:\/\/gastri-biotic.com\/en\/product\/gastri-biotic-suscripcion\/","title":{"rendered":"GASTRI-BIOTIC (Suscripci\u00f3n)"},"content":{"rendered":"<p>&nbsp;<\/p>\n<div class=\"sc-6dd3c99d-0 ftHzOM\">\n<div class=\"sc-15bfda85-4 kNqfTt\" data-pinnedconversationturnid=\"c9d3e4bd-e0fd-48cd-a0ab-3a2ec783ee20\" data-testid=\"youchat-answer-turn-0\">\n<div class=\"sc-6dd3c99d-1 jKgNmJ\"><\/div>\n<\/div>\n<\/div>","protected":false},"excerpt":{"rendered":"<div class=\"sc-6dd3c99d-0 ftHzOM\">\n<div class=\"sc-15bfda85-4 kNqfTt\" data-pinnedconversationturnid=\"c9d3e4bd-e0fd-48cd-a0ab-3a2ec783ee20\" data-testid=\"youchat-answer-turn-0\">\n<div class=\"sc-6dd3c99d-1 jKgNmJ\">\n<div>\n<p data-sourcepos=\"5:1-5:66\"><strong>Experimente un enfoque hol\u00edstico de la salud y el bienestar con nuestro paquete de suscripci\u00f3n integral, que incluye ENVIO GRATIS y una gu\u00eda de alimentaci\u00f3n nutricional.<\/strong><\/p>\n<p data-sourcepos=\"7:1-7:22\"><strong>Libera el poder del bienestar natural<\/strong><\/p>\n<p data-sourcepos=\"9:1-9:166\">Nuestro paquete de suscripci\u00f3n est\u00e1 dise\u00f1ado para permitirle hacerse cargo de su salud y vitalidad. Con nuestra cuidada selecci\u00f3n de productos, tendr\u00e1s acceso a las herramientas y recursos que necesitas para alcanzar tus objetivos de bienestar.<\/p>\n<\/div>\n<div class=\"sc-18d71340-0 hsggNN\">\n<div class=\"sc-db772bdf-0 gsEQOX\" data-testid=\"youchat-suggestions-container\">\n<div class=\"sc-db772bdf-1 eneIVM chips-container\">\n<div class=\"sc-6dd3c99d-0 ftHzOM\">\n<div class=\"sc-15bfda85-4 kNqfTt\" data-pinnedconversationturnid=\"c9d3e4bd-e0fd-48cd-a0ab-3a2ec783ee20\" data-testid=\"youchat-answer-turn-0\">\n<div class=\"sc-6dd3c99d-1 jKgNmJ\"><\/div>\n<\/div>\n<\/div>\n<\/div>\n<\/div>\n<\/div>\n<\/div>\n<\/div>\n<\/div>","protected":false},"featured_media":6045,"comment_status":"open","ping_status":"closed","template":"","meta":{"site-sidebar-layout":"default","site-content-layout":"","ast-site-content-layout":"default","site-content-style":"default","site-sidebar-style":"default","ast-global-header-display":"","ast-banner-title-visibility":"","ast-main-header-display":"","ast-hfb-above-header-display":"","ast-hfb-below-header-display":"","ast-hfb-mobile-header-display":"","site-post-title":"","ast-breadcrumbs-content":"","ast-featured-img":"","footer-sml-layout":"","ast-disable-related-posts":"","theme-transparent-header-meta":"default","adv-header-id-meta":"","stick-header-meta":"","header-above-stick-meta":"","header-main-stick-meta":"","header-below-stick-meta":"","astra-migrate-meta-layouts":"set","ast-page-background-enabled":"default","ast-page-background-meta":{"desktop":{"background-color":"","background-image":"","background-repeat":"repeat","background-position":"center center","background-size":"auto","background-attachment":"scroll","background-type":"","background-media":"","overlay-type":"","overlay-color":"","overlay-opacity":"","overlay-gradient":""},"tablet":{"background-color":"","background-image":"","background-repeat":"repeat","background-position":"center center","background-size":"auto","background-attachment":"scroll","background-type":"","background-media":"","overlay-type":"","overlay-color":"","overlay-opacity":"","overlay-gradient":""},"mobile":{"background-color":"","background-image":"","background-repeat":"repeat","background-position":"center center","background-size":"auto","background-attachment":"scroll","background-type":"","background-media":"","overlay-type":"","overlay-color":"","overlay-opacity":"","overlay-gradient":""}},"ast-content-background-meta":{"desktop":{"background-color":"var(--ast-global-color-5)","background-image":"","background-repeat":"repeat","background-position":"center center","background-size":"auto","background-attachment":"scroll","background-type":"","background-media":"","overlay-type":"","overlay-color":"","overlay-opacity":"","overlay-gradient":""},"tablet":{"background-color":"var(--ast-global-color-5)","background-image":"","background-repeat":"repeat","background-position":"center center","background-size":"auto","background-attachment":"scroll","background-type":"","background-media":"","overlay-type":"","overlay-color":"","overlay-opacity":"","overlay-gradient":""},"mobile":{"background-color":"var(--ast-global-color-5)","background-image":"","background-repeat":"repeat","background-position":"center center","background-size":"auto","background-attachment":"scroll","background-type":"","background-media":"","overlay-type":"","overlay-color":"","overlay-opacity":"","overlay-gradient":""}}},"product_brand":[],"product_cat":[48],"product_tag":[],"class_list":{"0":"post-5792","1":"product","2":"type-product","3":"status-publish","4":"has-post-thumbnail","6":"product_cat-suscripcion","7":"desktop-align-center","8":"tablet-align-center","9":"mobile-align-center","11":"first","12":"instock","13":"sale","14":"shipping-taxable","15":"purchasable","16":"product-type-simple"},"_links":{"self":[{"href":"https:\/\/gastri-biotic.com\/en\/wp-json\/wp\/v2\/product\/5792","targetHints":{"allow":["GET"]}}],"collection":[{"href":"https:\/\/gastri-biotic.com\/en\/wp-json\/wp\/v2\/product"}],"about":[{"href":"https:\/\/gastri-biotic.com\/en\/wp-json\/wp\/v2\/types\/product"}],"replies":[{"embeddable":true,"href":"https:\/\/gastri-biotic.com\/en\/wp-json\/wp\/v2\/comments?post=5792"}],"wp:featuredmedia":[{"embeddable":true,"href":"https:\/\/gastri-biotic.com\/en\/wp-json\/wp\/v2\/media\/6045"}],"wp:attachment":[{"href":"https:\/\/gastri-biotic.com\/en\/wp-json\/wp\/v2\/media?parent=5792"}],"wp:term":[{"taxonomy":"product_brand","embeddable":true,"href":"https:\/\/gastri-biotic.com\/en\/wp-json\/wp\/v2\/product_brand?post=5792"},{"taxonomy":"product_cat","embeddable":true,"href":"https:\/\/gastri-biotic.com\/en\/wp-json\/wp\/v2\/product_cat?post=5792"},{"taxonomy":"product_tag","embeddable":true,"href":"https:\/\/gastri-biotic.com\/en\/wp-json\/wp\/v2\/product_tag?post=5792"}],"curies":[{"name":"wp","href":"https:\/\/api.w.org\/{rel}","templated":true}]}}